{"id":47,"date":"2016-02-10T19:36:06","date_gmt":"2016-02-10T18:36:06","guid":{"rendered":"http:\/\/www.armaturen-was.de\/de2\/?page_id=47"},"modified":"2018-05-25T14:13:28","modified_gmt":"2018-05-25T12:13:28","slug":"piab-katalog","status":"publish","type":"page","link":"https:\/\/www.armaturen-was.de\/de\/produkte\/piab-katalog\/","title":{"rendered":"Piab-Katalog"},"content":{"rendered":"\n<!-- iframe plugin v.6.0 wordpress.org\/plugins\/iframe\/ -->\n<iframe loading=\"lazy\" src=\"https:\/\/piab.ecbook.se\/SE\/de\/2012\/piab\/144\/flash\/\" width=\"100%\" height=\"500\" scrolling=\"yes\" class=\"iframe-class\" frameborder=\"0\"><\/iframe>\n\n","protected":false},"excerpt":{"rendered":"","protected":false},"author":1,"featured_media":0,"parent":15,"menu_order":2,"comment_status":"closed","ping_status":"closed","template":"","meta":{"footnotes":""},"categories":[],"tags":[],"class_list":["post-47","page","type-page","status-publish","hentry"],"yoast_head":"<!-- This site is optimized with the Yoast SEO Premium plugin v17.4 (Yoast SEO v27.5) - https:\/\/yoast.com\/product\/yoast-seo-premium-wordpress\/ -->\n<title>Piab-Katalog - WAS Armaturen<\/title>\n<meta name=\"robots\" content=\"index, follow, max-snippet:-1, max-image-preview:large, max-video-preview:-1\" \/>\n<link rel=\"canonical\" href=\"https:\/\/www.armaturen-was.de\/de\/produkte\/piab-katalog\/\" \/>\n<meta property=\"og:locale\" content=\"de_DE\" \/>\n<meta property=\"og:type\" content=\"article\" \/>\n<meta property=\"og:title\" content=\"Piab-Katalog\" \/>\n<meta property=\"og:url\" content=\"https:\/\/www.armaturen-was.de\/de\/produkte\/piab-katalog\/\" \/>\n<meta property=\"og:site_name\" content=\"WAS Armaturen\" \/>\n<meta property=\"article:modified_time\" content=\"2018-05-25T12:13:28+00:00\" \/>\n<meta name=\"twitter:card\" content=\"summary_large_image\" \/>\n<script type=\"application\/ld+json\" class=\"yoast-schema-graph\">{\"@context\":\"https:\\\/\\\/schema.org\",\"@graph\":[{\"@type\":\"WebPage\",\"@id\":\"https:\\\/\\\/www.armaturen-was.de\\\/de\\\/produkte\\\/piab-katalog\\\/\",\"url\":\"https:\\\/\\\/www.armaturen-was.de\\\/de\\\/produkte\\\/piab-katalog\\\/\",\"name\":\"Piab-Katalog - WAS Armaturen\",\"isPartOf\":{\"@id\":\"https:\\\/\\\/www.armaturen-was.de\\\/de\\\/#website\"},\"datePublished\":\"2016-02-10T18:36:06+00:00\",\"dateModified\":\"2018-05-25T12:13:28+00:00\",\"breadcrumb\":{\"@id\":\"https:\\\/\\\/www.armaturen-was.de\\\/de\\\/produkte\\\/piab-katalog\\\/#breadcrumb\"},\"inLanguage\":\"de\",\"potentialAction\":[{\"@type\":\"ReadAction\",\"target\":[\"https:\\\/\\\/www.armaturen-was.de\\\/de\\\/produkte\\\/piab-katalog\\\/\"]}]},{\"@type\":\"BreadcrumbList\",\"@id\":\"https:\\\/\\\/www.armaturen-was.de\\\/de\\\/produkte\\\/piab-katalog\\\/#breadcrumb\",\"itemListElement\":[{\"@type\":\"ListItem\",\"position\":1,\"name\":\"Startseite\",\"item\":\"https:\\\/\\\/www.armaturen-was.de\\\/de\\\/\"},{\"@type\":\"ListItem\",\"position\":2,\"name\":\"Produkte\",\"item\":\"https:\\\/\\\/www.armaturen-was.de\\\/de\\\/produkte\\\/\"},{\"@type\":\"ListItem\",\"position\":3,\"name\":\"Piab-Katalog\"}]},{\"@type\":\"WebSite\",\"@id\":\"https:\\\/\\\/www.armaturen-was.de\\\/de\\\/#website\",\"url\":\"https:\\\/\\\/www.armaturen-was.de\\\/de\\\/\",\"name\":\"WAS Armaturen\",\"description\":\"unser Unternehmen ist ein leistungsf\u00e4higer Lieferant rund um die Instandhaltung und den Anlagenbau.. Wir bieten fachkompetente, individuelle und kosteng\u00fcnstige Beratung, Planung und Durchf\u00fchrung.\",\"publisher\":{\"@id\":\"https:\\\/\\\/www.armaturen-was.de\\\/de\\\/#organization\"},\"potentialAction\":[{\"@type\":\"SearchAction\",\"target\":{\"@type\":\"EntryPoint\",\"urlTemplate\":\"https:\\\/\\\/www.armaturen-was.de\\\/de\\\/?s={search_term_string}\"},\"query-input\":{\"@type\":\"PropertyValueSpecification\",\"valueRequired\":true,\"valueName\":\"search_term_string\"}}],\"inLanguage\":\"de\"},{\"@type\":\"Organization\",\"@id\":\"https:\\\/\\\/www.armaturen-was.de\\\/de\\\/#organization\",\"name\":\"W.A.S. Armaturen und Sondermaschinenbau GmbH\",\"url\":\"https:\\\/\\\/www.armaturen-was.de\\\/de\\\/\",\"logo\":{\"@type\":\"ImageObject\",\"inLanguage\":\"de\",\"@id\":\"https:\\\/\\\/www.armaturen-was.de\\\/de\\\/#\\\/schema\\\/logo\\\/image\\\/\",\"url\":\"https:\\\/\\\/www.armaturen-was.de\\\/de\\\/wp-content\\\/uploads\\\/2016\\\/02\\\/faviconvorlage-1.jpg\",\"contentUrl\":\"https:\\\/\\\/www.armaturen-was.de\\\/de\\\/wp-content\\\/uploads\\\/2016\\\/02\\\/faviconvorlage-1.jpg\",\"width\":141,\"height\":139,\"caption\":\"W.A.S. Armaturen und Sondermaschinenbau GmbH\"},\"image\":{\"@id\":\"https:\\\/\\\/www.armaturen-was.de\\\/de\\\/#\\\/schema\\\/logo\\\/image\\\/\"}}]}<\/script>\n<!-- \/ Yoast SEO Premium plugin. -->","yoast_head_json":{"title":"Piab-Katalog - WAS Armaturen","robots":{"index":"index","follow":"follow","max-snippet":"max-snippet:-1","max-image-preview":"max-image-preview:large","max-video-preview":"max-video-preview:-1"},"canonical":"https:\/\/www.armaturen-was.de\/de\/produkte\/piab-katalog\/","og_locale":"de_DE","og_type":"article","og_title":"Piab-Katalog","og_url":"https:\/\/www.armaturen-was.de\/de\/produkte\/piab-katalog\/","og_site_name":"WAS Armaturen","article_modified_time":"2018-05-25T12:13:28+00:00","twitter_card":"summary_large_image","schema":{"@context":"https:\/\/schema.org","@graph":[{"@type":"WebPage","@id":"https:\/\/www.armaturen-was.de\/de\/produkte\/piab-katalog\/","url":"https:\/\/www.armaturen-was.de\/de\/produkte\/piab-katalog\/","name":"Piab-Katalog - WAS Armaturen","isPartOf":{"@id":"https:\/\/www.armaturen-was.de\/de\/#website"},"datePublished":"2016-02-10T18:36:06+00:00","dateModified":"2018-05-25T12:13:28+00:00","breadcrumb":{"@id":"https:\/\/www.armaturen-was.de\/de\/produkte\/piab-katalog\/#breadcrumb"},"inLanguage":"de","potentialAction":[{"@type":"ReadAction","target":["https:\/\/www.armaturen-was.de\/de\/produkte\/piab-katalog\/"]}]},{"@type":"BreadcrumbList","@id":"https:\/\/www.armaturen-was.de\/de\/produkte\/piab-katalog\/#breadcrumb","itemListElement":[{"@type":"ListItem","position":1,"name":"Startseite","item":"https:\/\/www.armaturen-was.de\/de\/"},{"@type":"ListItem","position":2,"name":"Produkte","item":"https:\/\/www.armaturen-was.de\/de\/produkte\/"},{"@type":"ListItem","position":3,"name":"Piab-Katalog"}]},{"@type":"WebSite","@id":"https:\/\/www.armaturen-was.de\/de\/#website","url":"https:\/\/www.armaturen-was.de\/de\/","name":"WAS Armaturen","description":"unser Unternehmen ist ein leistungsf\u00e4higer Lieferant rund um die Instandhaltung und den Anlagenbau.. Wir bieten fachkompetente, individuelle und kosteng\u00fcnstige Beratung, Planung und Durchf\u00fchrung.","publisher":{"@id":"https:\/\/www.armaturen-was.de\/de\/#organization"},"potentialAction":[{"@type":"SearchAction","target":{"@type":"EntryPoint","urlTemplate":"https:\/\/www.armaturen-was.de\/de\/?s={search_term_string}"},"query-input":{"@type":"PropertyValueSpecification","valueRequired":true,"valueName":"search_term_string"}}],"inLanguage":"de"},{"@type":"Organization","@id":"https:\/\/www.armaturen-was.de\/de\/#organization","name":"W.A.S. Armaturen und Sondermaschinenbau GmbH","url":"https:\/\/www.armaturen-was.de\/de\/","logo":{"@type":"ImageObject","inLanguage":"de","@id":"https:\/\/www.armaturen-was.de\/de\/#\/schema\/logo\/image\/","url":"https:\/\/www.armaturen-was.de\/de\/wp-content\/uploads\/2016\/02\/faviconvorlage-1.jpg","contentUrl":"https:\/\/www.armaturen-was.de\/de\/wp-content\/uploads\/2016\/02\/faviconvorlage-1.jpg","width":141,"height":139,"caption":"W.A.S. Armaturen und Sondermaschinenbau GmbH"},"image":{"@id":"https:\/\/www.armaturen-was.de\/de\/#\/schema\/logo\/image\/"}}]}},"_links":{"self":[{"href":"https:\/\/www.armaturen-was.de\/de\/wp-json\/wp\/v2\/pages\/47","targetHints":{"allow":["GET"]}}],"collection":[{"href":"https:\/\/www.armaturen-was.de\/de\/wp-json\/wp\/v2\/pages"}],"about":[{"href":"https:\/\/www.armaturen-was.de\/de\/wp-json\/wp\/v2\/types\/page"}],"author":[{"embeddable":true,"href":"https:\/\/www.armaturen-was.de\/de\/wp-json\/wp\/v2\/users\/1"}],"replies":[{"embeddable":true,"href":"https:\/\/www.armaturen-was.de\/de\/wp-json\/wp\/v2\/comments?post=47"}],"version-history":[{"count":4,"href":"https:\/\/www.armaturen-was.de\/de\/wp-json\/wp\/v2\/pages\/47\/revisions"}],"predecessor-version":[{"id":154,"href":"https:\/\/www.armaturen-was.de\/de\/wp-json\/wp\/v2\/pages\/47\/revisions\/154"}],"up":[{"embeddable":true,"href":"https:\/\/www.armaturen-was.de\/de\/wp-json\/wp\/v2\/pages\/15"}],"wp:attachment":[{"href":"https:\/\/www.armaturen-was.de\/de\/wp-json\/wp\/v2\/media?parent=47"}],"wp:term":[{"taxonomy":"category","embeddable":true,"href":"https:\/\/www.armaturen-was.de\/de\/wp-json\/wp\/v2\/categories?post=47"},{"taxonomy":"post_tag","embeddable":true,"href":"https:\/\/www.armaturen-was.de\/de\/wp-json\/wp\/v2\/tags?post=47"}],"curies":[{"name":"wp","href":"https:\/\/api.w.org\/{rel}","templated":true}]}}