{"id":21,"date":"2016-02-10T18:57:53","date_gmt":"2016-02-10T17:57:53","guid":{"rendered":"http:\/\/www.armaturen-was.de\/de2\/?page_id=21"},"modified":"2020-01-20T18:39:28","modified_gmt":"2020-01-20T17:39:28","slug":"impressum","status":"publish","type":"page","link":"https:\/\/www.armaturen-was.de\/de\/impressum\/","title":{"rendered":"Impressum"},"content":{"rendered":"<p><strong>Postanschrift<\/strong><br \/>\nW.A.S.<br \/>\nArmaturen und Sondermaschinenbau GmbH<br \/>\nPostfach: 1101<br \/>\n63544 Hammersbach<\/p>\n<p><strong>Lieferanschrift<\/strong>:<br \/>\nW.A.S.<br \/>\nArmaturen und Sondermaschinenbau GmbH<br \/>\nAm Galgenberg 9<br \/>\n63546 Hammersbach<\/p>\n<p><strong>Telefon<\/strong>:<br \/>\n06185 180361<\/p>\n<p><strong>Telefax<\/strong>:<br \/>\n06185 180362<\/p>\n<p><strong>EMail<\/strong>:<br \/>\nInfo@armaturen-was.de<\/p>\n<p><strong>Registergericht<\/strong>:<br \/>\n63450 Hanau &#8211; HRB-Nr. 5100 &#8211; Gesch\u00e4ftsf\u00fchrer: Roger Schroeter &#8211; U.St.-Id.-Nr.: DE 161 738 603<\/p>\n<p><strong>Haftungsausschluss<\/strong><br \/>\nBei der Erstellung dieser Webseite werden alle Anstrengungen unternommen, um die darin enthaltenen Informationen m\u00f6glichst aktuell, sachlich korrekt und eindeutig zu halten. Trotz aller Sorgfalt kann es jedoch zu unbeabsichtigten Fehlangaben kommen. Die W.A.S. Armaturen und Sondermaschinenbau GmbH schlie\u00dft daher insbesondere jegliche Haftung f\u00fcr Tipp- oder Druckfehler und f\u00fcr die Exaktheit, Vollst\u00e4ndigkeit und Aktualit\u00e4t der auf der Webseite des Unternehmens enthaltenen Informationen aus. Die auf der W.A.S. Armaturen und Sondermaschinenbau GmbH -Webseite bereitgehaltenen Informationen und Daten k\u00f6nnen jederzeit ohne Vorank\u00fcndigung ge\u00e4ndert werden. Sie werden von der W.A.S. Armaturen und Sondermaschinenbau GmbH unverbindlich und unter Ausschluss jeglicher Garantien oder Zusicherungen angeboten.<\/p>\n<p><strong>Datenschutzerkl\u00e4rung<\/strong><br \/>\nFinden Sie <a href=\"\/de\/datenschutz\/\">hier<\/a>.<\/p>\n","protected":false},"excerpt":{"rendered":"<p>Postanschrift W.A.S. Armaturen und Sondermaschinenbau GmbH Postfach: 1101 63544 Hammersbach Lieferanschrift: W.A.S. Armaturen und Sondermaschinenbau GmbH Am Galgenberg 9 63546 Hammersbach Telefon: 06185 180361 Telefax: 06185 180362 EMail: Info@armaturen-was.de Registergericht: 63450 Hanau &#8211; HRB-Nr. 5100 &#8211; Gesch\u00e4ftsf\u00fchrer: Roger Schroeter &#8211; U.St.-Id.-Nr.: DE 161 738 603 Haftungsausschluss Bei der Erstellung dieser Webseite werden alle Anstrengungen unternommen, &hellip; <a href=\"https:\/\/www.armaturen-was.de\/de\/impressum\/\" class=\"more-link\"><span class=\"screen-reader-text\">\u201eImpressum\u201c<\/span> weiterlesen<\/a><\/p>\n","protected":false},"author":1,"featured_media":0,"parent":0,"menu_order":0,"comment_status":"closed","ping_status":"closed","template":"","meta":{"footnotes":""},"categories":[],"tags":[],"class_list":["post-21","page","type-page","status-publish","hentry"],"yoast_head":"<!-- This site is optimized with the Yoast SEO Premium plugin v17.4 (Yoast SEO v27.3) - https:\/\/yoast.com\/product\/yoast-seo-premium-wordpress\/ -->\n<title>Impressum - WAS Armaturen<\/title>\n<meta name=\"robots\" content=\"noindex, nofollow\" \/>\n<meta property=\"og:locale\" content=\"de_DE\" \/>\n<meta property=\"og:type\" content=\"article\" \/>\n<meta property=\"og:title\" content=\"Impressum\" \/>\n<meta property=\"og:description\" content=\"Postanschrift W.A.S. Armaturen und Sondermaschinenbau GmbH Postfach: 1101 63544 Hammersbach Lieferanschrift: W.A.S. Armaturen und Sondermaschinenbau GmbH Am Galgenberg 9 63546 Hammersbach Telefon: 06185 180361 Telefax: 06185 180362 EMail: Info@armaturen-was.de Registergericht: 63450 Hanau &#8211; HRB-Nr. 5100 &#8211; Gesch\u00e4ftsf\u00fchrer: Roger Schroeter &#8211; U.St.-Id.-Nr.: DE 161 738 603 Haftungsausschluss Bei der Erstellung dieser Webseite werden alle Anstrengungen unternommen, &hellip; \u201eImpressum\u201c weiterlesen\" \/>\n<meta property=\"og:url\" content=\"https:\/\/www.armaturen-was.de\/de\/impressum\/\" \/>\n<meta property=\"og:site_name\" content=\"WAS Armaturen\" \/>\n<meta property=\"article:modified_time\" content=\"2020-01-20T17:39:28+00:00\" \/>\n<meta name=\"twitter:card\" content=\"summary_large_image\" \/>\n<meta name=\"twitter:label1\" content=\"Gesch\u00e4tzte Lesezeit\" \/>\n\t<meta name=\"twitter:data1\" content=\"1\u00a0Minute\" \/>\n<script type=\"application\/ld+json\" class=\"yoast-schema-graph\">{\"@context\":\"https:\\\/\\\/schema.org\",\"@graph\":[{\"@type\":\"WebPage\",\"@id\":\"https:\\\/\\\/www.armaturen-was.de\\\/de\\\/impressum\\\/\",\"url\":\"https:\\\/\\\/www.armaturen-was.de\\\/de\\\/impressum\\\/\",\"name\":\"Impressum - WAS Armaturen\",\"isPartOf\":{\"@id\":\"https:\\\/\\\/www.armaturen-was.de\\\/de\\\/#website\"},\"datePublished\":\"2016-02-10T17:57:53+00:00\",\"dateModified\":\"2020-01-20T17:39:28+00:00\",\"breadcrumb\":{\"@id\":\"https:\\\/\\\/www.armaturen-was.de\\\/de\\\/impressum\\\/#breadcrumb\"},\"inLanguage\":\"de\",\"potentialAction\":[{\"@type\":\"ReadAction\",\"target\":[\"https:\\\/\\\/www.armaturen-was.de\\\/de\\\/impressum\\\/\"]}]},{\"@type\":\"BreadcrumbList\",\"@id\":\"https:\\\/\\\/www.armaturen-was.de\\\/de\\\/impressum\\\/#breadcrumb\",\"itemListElement\":[{\"@type\":\"ListItem\",\"position\":1,\"name\":\"Startseite\",\"item\":\"https:\\\/\\\/www.armaturen-was.de\\\/de\\\/\"},{\"@type\":\"ListItem\",\"position\":2,\"name\":\"Impressum\"}]},{\"@type\":\"WebSite\",\"@id\":\"https:\\\/\\\/www.armaturen-was.de\\\/de\\\/#website\",\"url\":\"https:\\\/\\\/www.armaturen-was.de\\\/de\\\/\",\"name\":\"WAS Armaturen\",\"description\":\"unser Unternehmen ist ein leistungsf\u00e4higer Lieferant rund um die Instandhaltung und den Anlagenbau.. Wir bieten fachkompetente, individuelle und kosteng\u00fcnstige Beratung, Planung und Durchf\u00fchrung.\",\"publisher\":{\"@id\":\"https:\\\/\\\/www.armaturen-was.de\\\/de\\\/#organization\"},\"potentialAction\":[{\"@type\":\"SearchAction\",\"target\":{\"@type\":\"EntryPoint\",\"urlTemplate\":\"https:\\\/\\\/www.armaturen-was.de\\\/de\\\/?s={search_term_string}\"},\"query-input\":{\"@type\":\"PropertyValueSpecification\",\"valueRequired\":true,\"valueName\":\"search_term_string\"}}],\"inLanguage\":\"de\"},{\"@type\":\"Organization\",\"@id\":\"https:\\\/\\\/www.armaturen-was.de\\\/de\\\/#organization\",\"name\":\"W.A.S. Armaturen und Sondermaschinenbau GmbH\",\"url\":\"https:\\\/\\\/www.armaturen-was.de\\\/de\\\/\",\"logo\":{\"@type\":\"ImageObject\",\"inLanguage\":\"de\",\"@id\":\"https:\\\/\\\/www.armaturen-was.de\\\/de\\\/#\\\/schema\\\/logo\\\/image\\\/\",\"url\":\"https:\\\/\\\/www.armaturen-was.de\\\/de\\\/wp-content\\\/uploads\\\/2016\\\/02\\\/faviconvorlage-1.jpg\",\"contentUrl\":\"https:\\\/\\\/www.armaturen-was.de\\\/de\\\/wp-content\\\/uploads\\\/2016\\\/02\\\/faviconvorlage-1.jpg\",\"width\":141,\"height\":139,\"caption\":\"W.A.S. Armaturen und Sondermaschinenbau GmbH\"},\"image\":{\"@id\":\"https:\\\/\\\/www.armaturen-was.de\\\/de\\\/#\\\/schema\\\/logo\\\/image\\\/\"}}]}<\/script>\n<!-- \/ Yoast SEO Premium plugin. -->","yoast_head_json":{"title":"Impressum - WAS Armaturen","robots":{"index":"noindex","follow":"nofollow"},"og_locale":"de_DE","og_type":"article","og_title":"Impressum","og_description":"Postanschrift W.A.S. Armaturen und Sondermaschinenbau GmbH Postfach: 1101 63544 Hammersbach Lieferanschrift: W.A.S. Armaturen und Sondermaschinenbau GmbH Am Galgenberg 9 63546 Hammersbach Telefon: 06185 180361 Telefax: 06185 180362 EMail: Info@armaturen-was.de Registergericht: 63450 Hanau &#8211; HRB-Nr. 5100 &#8211; Gesch\u00e4ftsf\u00fchrer: Roger Schroeter &#8211; U.St.-Id.-Nr.: DE 161 738 603 Haftungsausschluss Bei der Erstellung dieser Webseite werden alle Anstrengungen unternommen, &hellip; \u201eImpressum\u201c weiterlesen","og_url":"https:\/\/www.armaturen-was.de\/de\/impressum\/","og_site_name":"WAS Armaturen","article_modified_time":"2020-01-20T17:39:28+00:00","twitter_card":"summary_large_image","twitter_misc":{"Gesch\u00e4tzte Lesezeit":"1\u00a0Minute"},"schema":{"@context":"https:\/\/schema.org","@graph":[{"@type":"WebPage","@id":"https:\/\/www.armaturen-was.de\/de\/impressum\/","url":"https:\/\/www.armaturen-was.de\/de\/impressum\/","name":"Impressum - WAS Armaturen","isPartOf":{"@id":"https:\/\/www.armaturen-was.de\/de\/#website"},"datePublished":"2016-02-10T17:57:53+00:00","dateModified":"2020-01-20T17:39:28+00:00","breadcrumb":{"@id":"https:\/\/www.armaturen-was.de\/de\/impressum\/#breadcrumb"},"inLanguage":"de","potentialAction":[{"@type":"ReadAction","target":["https:\/\/www.armaturen-was.de\/de\/impressum\/"]}]},{"@type":"BreadcrumbList","@id":"https:\/\/www.armaturen-was.de\/de\/impressum\/#breadcrumb","itemListElement":[{"@type":"ListItem","position":1,"name":"Startseite","item":"https:\/\/www.armaturen-was.de\/de\/"},{"@type":"ListItem","position":2,"name":"Impressum"}]},{"@type":"WebSite","@id":"https:\/\/www.armaturen-was.de\/de\/#website","url":"https:\/\/www.armaturen-was.de\/de\/","name":"WAS Armaturen","description":"unser Unternehmen ist ein leistungsf\u00e4higer Lieferant rund um die Instandhaltung und den Anlagenbau.. Wir bieten fachkompetente, individuelle und kosteng\u00fcnstige Beratung, Planung und Durchf\u00fchrung.","publisher":{"@id":"https:\/\/www.armaturen-was.de\/de\/#organization"},"potentialAction":[{"@type":"SearchAction","target":{"@type":"EntryPoint","urlTemplate":"https:\/\/www.armaturen-was.de\/de\/?s={search_term_string}"},"query-input":{"@type":"PropertyValueSpecification","valueRequired":true,"valueName":"search_term_string"}}],"inLanguage":"de"},{"@type":"Organization","@id":"https:\/\/www.armaturen-was.de\/de\/#organization","name":"W.A.S. Armaturen und Sondermaschinenbau GmbH","url":"https:\/\/www.armaturen-was.de\/de\/","logo":{"@type":"ImageObject","inLanguage":"de","@id":"https:\/\/www.armaturen-was.de\/de\/#\/schema\/logo\/image\/","url":"https:\/\/www.armaturen-was.de\/de\/wp-content\/uploads\/2016\/02\/faviconvorlage-1.jpg","contentUrl":"https:\/\/www.armaturen-was.de\/de\/wp-content\/uploads\/2016\/02\/faviconvorlage-1.jpg","width":141,"height":139,"caption":"W.A.S. Armaturen und Sondermaschinenbau GmbH"},"image":{"@id":"https:\/\/www.armaturen-was.de\/de\/#\/schema\/logo\/image\/"}}]}},"_links":{"self":[{"href":"https:\/\/www.armaturen-was.de\/de\/wp-json\/wp\/v2\/pages\/21","targetHints":{"allow":["GET"]}}],"collection":[{"href":"https:\/\/www.armaturen-was.de\/de\/wp-json\/wp\/v2\/pages"}],"about":[{"href":"https:\/\/www.armaturen-was.de\/de\/wp-json\/wp\/v2\/types\/page"}],"author":[{"embeddable":true,"href":"https:\/\/www.armaturen-was.de\/de\/wp-json\/wp\/v2\/users\/1"}],"replies":[{"embeddable":true,"href":"https:\/\/www.armaturen-was.de\/de\/wp-json\/wp\/v2\/comments?post=21"}],"version-history":[{"count":8,"href":"https:\/\/www.armaturen-was.de\/de\/wp-json\/wp\/v2\/pages\/21\/revisions"}],"predecessor-version":[{"id":697,"href":"https:\/\/www.armaturen-was.de\/de\/wp-json\/wp\/v2\/pages\/21\/revisions\/697"}],"wp:attachment":[{"href":"https:\/\/www.armaturen-was.de\/de\/wp-json\/wp\/v2\/media?parent=21"}],"wp:term":[{"taxonomy":"category","embeddable":true,"href":"https:\/\/www.armaturen-was.de\/de\/wp-json\/wp\/v2\/categories?post=21"},{"taxonomy":"post_tag","embeddable":true,"href":"https:\/\/www.armaturen-was.de\/de\/wp-json\/wp\/v2\/tags?post=21"}],"curies":[{"name":"wp","href":"https:\/\/api.w.org\/{rel}","templated":true}]}}