{"id":17,"date":"2016-02-10T18:57:18","date_gmt":"2016-02-10T17:57:18","guid":{"rendered":"http:\/\/www.armaturen-was.de\/de2\/?page_id=17"},"modified":"2016-02-19T19:42:10","modified_gmt":"2016-02-19T18:42:10","slug":"kontakt","status":"publish","type":"page","link":"https:\/\/www.armaturen-was.de\/de\/kontakt\/","title":{"rendered":"Kontakt"},"content":{"rendered":"\n<div class=\"wpcf7 no-js\" id=\"wpcf7-f75-o1\" lang=\"de-DE\" dir=\"ltr\" data-wpcf7-id=\"75\">\n<div class=\"screen-reader-response\"><p role=\"status\" aria-live=\"polite\" aria-atomic=\"true\"><\/p> <ul><\/ul><\/div>\n<form action=\"\/de\/wp-json\/wp\/v2\/pages\/17#wpcf7-f75-o1\" method=\"post\" class=\"wpcf7-form init\" aria-label=\"Kontaktformular\" novalidate=\"novalidate\" data-status=\"init\">\n<fieldset class=\"hidden-fields-container\"><input type=\"hidden\" name=\"_wpcf7\" value=\"75\" \/><input type=\"hidden\" name=\"_wpcf7_version\" value=\"6.1.5\" \/><input type=\"hidden\" name=\"_wpcf7_locale\" value=\"de_DE\" \/><input type=\"hidden\" name=\"_wpcf7_unit_tag\" value=\"wpcf7-f75-o1\" \/><input type=\"hidden\" name=\"_wpcf7_container_post\" value=\"0\" \/><input type=\"hidden\" name=\"_wpcf7_posted_data_hash\" value=\"\" \/>\n<\/fieldset>\n<p>Ihr Name (Pflichtfeld)\n<\/p>\n<p><span class=\"wpcf7-form-control-wrap\" data-name=\"your-name\"><input size=\"40\" maxlength=\"400\" class=\"wpcf7-form-control wpcf7-text wpcf7-validates-as-required\" aria-required=\"true\" aria-invalid=\"false\" value=\"\" type=\"text\" name=\"your-name\" \/><\/span>\n<\/p>\n<p>Ihre E-Mail-Adresse (Pflichtfeld)\n<\/p>\n<p><span class=\"wpcf7-form-control-wrap\" data-name=\"your-email\"><input size=\"40\" maxlength=\"400\" class=\"wpcf7-form-control wpcf7-email wpcf7-validates-as-required wpcf7-text wpcf7-validates-as-email\" aria-required=\"true\" aria-invalid=\"false\" value=\"\" type=\"email\" name=\"your-email\" \/><\/span>\n<\/p>\n<p>Betreff\n<\/p>\n<p><span class=\"wpcf7-form-control-wrap\" data-name=\"your-subject\"><input size=\"40\" maxlength=\"400\" class=\"wpcf7-form-control wpcf7-text\" aria-invalid=\"false\" value=\"\" type=\"text\" name=\"your-subject\" \/><\/span>\n<\/p>\n<p>Ihre Nachricht\n<\/p>\n<p><span class=\"wpcf7-form-control-wrap\" data-name=\"your-message\"><textarea cols=\"40\" rows=\"10\" maxlength=\"2000\" class=\"wpcf7-form-control wpcf7-textarea\" aria-invalid=\"false\" name=\"your-message\"><\/textarea><\/span>\n<\/p>\n<p><span class=\"wpcf7-form-control-wrap\" data-name=\"quiz-221\"><label><span class=\"wpcf7-quiz-label\">Die Haupstadt von Hessen?<\/span> <input size=\"40\" class=\"wpcf7-form-control wpcf7-quiz\" autocomplete=\"off\" aria-required=\"true\" aria-invalid=\"false\" type=\"text\" name=\"quiz-221\" \/><\/label><input type=\"hidden\" name=\"_wpcf7_quiz_answer_quiz-221\" value=\"2bdff9cefe2ef25272cf93a7cec35a64\" \/><\/span>\n<\/p>\n<p>[wpgdprc \"Mit der Nutzung dieses Formulars erkl\u00e4rst du dich mit der Speicherung und Verarbeitung deiner Daten durch diese Website einverstanden.\"]<br \/>\n<span id=\"wpcf7-69f197a44e39a-wrapper\" class=\"wpcf7-form-control-wrap honeypot-767-wrap\" ><label for=\"wpcf7-69f197a44e39a-field\" class=\"hp-message\">Bitte lasse dieses Feld leer.<\/label><input id=\"wpcf7-69f197a44e39a-field\"  class=\"wpcf7-form-control wpcf7-text\" type=\"text\" name=\"honeypot-767\" value=\"\" size=\"40\" tabindex=\"-1\" autocomplete=\"new-password\" \/><\/span><br \/>\n<input class=\"wpcf7-form-control wpcf7-submit has-spinner\" type=\"submit\" value=\"Senden\" \/>\n<\/p><div class=\"wpcf7-response-output\" aria-hidden=\"true\"><\/div>\n<\/form>\n<\/div>\n\n","protected":false},"excerpt":{"rendered":"","protected":false},"author":1,"featured_media":0,"parent":0,"menu_order":0,"comment_status":"closed","ping_status":"closed","template":"","meta":{"footnotes":""},"categories":[],"tags":[],"class_list":["post-17","page","type-page","status-publish","hentry"],"yoast_head":"<!-- This site is optimized with the Yoast SEO Premium plugin v17.4 (Yoast SEO v27.5) - https:\/\/yoast.com\/product\/yoast-seo-premium-wordpress\/ -->\n<title>Kontakt - WAS Armaturen<\/title>\n<meta name=\"robots\" content=\"index, follow, max-snippet:-1, max-image-preview:large, max-video-preview:-1\" \/>\n<link rel=\"canonical\" href=\"https:\/\/www.armaturen-was.de\/de\/kontakt\/\" \/>\n<meta property=\"og:locale\" content=\"de_DE\" \/>\n<meta property=\"og:type\" content=\"article\" \/>\n<meta property=\"og:title\" content=\"Kontakt\" \/>\n<meta property=\"og:url\" content=\"https:\/\/www.armaturen-was.de\/de\/kontakt\/\" \/>\n<meta property=\"og:site_name\" content=\"WAS Armaturen\" \/>\n<meta property=\"article:modified_time\" content=\"2016-02-19T18:42:10+00:00\" \/>\n<meta name=\"twitter:card\" content=\"summary_large_image\" \/>\n<script type=\"application\/ld+json\" class=\"yoast-schema-graph\">{\"@context\":\"https:\\\/\\\/schema.org\",\"@graph\":[{\"@type\":\"WebPage\",\"@id\":\"https:\\\/\\\/www.armaturen-was.de\\\/de\\\/kontakt\\\/\",\"url\":\"https:\\\/\\\/www.armaturen-was.de\\\/de\\\/kontakt\\\/\",\"name\":\"Kontakt - WAS Armaturen\",\"isPartOf\":{\"@id\":\"https:\\\/\\\/www.armaturen-was.de\\\/de\\\/#website\"},\"datePublished\":\"2016-02-10T17:57:18+00:00\",\"dateModified\":\"2016-02-19T18:42:10+00:00\",\"breadcrumb\":{\"@id\":\"https:\\\/\\\/www.armaturen-was.de\\\/de\\\/kontakt\\\/#breadcrumb\"},\"inLanguage\":\"de\",\"potentialAction\":[{\"@type\":\"ReadAction\",\"target\":[\"https:\\\/\\\/www.armaturen-was.de\\\/de\\\/kontakt\\\/\"]}]},{\"@type\":\"BreadcrumbList\",\"@id\":\"https:\\\/\\\/www.armaturen-was.de\\\/de\\\/kontakt\\\/#breadcrumb\",\"itemListElement\":[{\"@type\":\"ListItem\",\"position\":1,\"name\":\"Startseite\",\"item\":\"https:\\\/\\\/www.armaturen-was.de\\\/de\\\/\"},{\"@type\":\"ListItem\",\"position\":2,\"name\":\"Kontakt\"}]},{\"@type\":\"WebSite\",\"@id\":\"https:\\\/\\\/www.armaturen-was.de\\\/de\\\/#website\",\"url\":\"https:\\\/\\\/www.armaturen-was.de\\\/de\\\/\",\"name\":\"WAS Armaturen\",\"description\":\"unser Unternehmen ist ein leistungsf\u00e4higer Lieferant rund um die Instandhaltung und den Anlagenbau.. Wir bieten fachkompetente, individuelle und kosteng\u00fcnstige Beratung, Planung und Durchf\u00fchrung.\",\"publisher\":{\"@id\":\"https:\\\/\\\/www.armaturen-was.de\\\/de\\\/#organization\"},\"potentialAction\":[{\"@type\":\"SearchAction\",\"target\":{\"@type\":\"EntryPoint\",\"urlTemplate\":\"https:\\\/\\\/www.armaturen-was.de\\\/de\\\/?s={search_term_string}\"},\"query-input\":{\"@type\":\"PropertyValueSpecification\",\"valueRequired\":true,\"valueName\":\"search_term_string\"}}],\"inLanguage\":\"de\"},{\"@type\":\"Organization\",\"@id\":\"https:\\\/\\\/www.armaturen-was.de\\\/de\\\/#organization\",\"name\":\"W.A.S. Armaturen und Sondermaschinenbau GmbH\",\"url\":\"https:\\\/\\\/www.armaturen-was.de\\\/de\\\/\",\"logo\":{\"@type\":\"ImageObject\",\"inLanguage\":\"de\",\"@id\":\"https:\\\/\\\/www.armaturen-was.de\\\/de\\\/#\\\/schema\\\/logo\\\/image\\\/\",\"url\":\"https:\\\/\\\/www.armaturen-was.de\\\/de\\\/wp-content\\\/uploads\\\/2016\\\/02\\\/faviconvorlage-1.jpg\",\"contentUrl\":\"https:\\\/\\\/www.armaturen-was.de\\\/de\\\/wp-content\\\/uploads\\\/2016\\\/02\\\/faviconvorlage-1.jpg\",\"width\":141,\"height\":139,\"caption\":\"W.A.S. Armaturen und Sondermaschinenbau GmbH\"},\"image\":{\"@id\":\"https:\\\/\\\/www.armaturen-was.de\\\/de\\\/#\\\/schema\\\/logo\\\/image\\\/\"}}]}<\/script>\n<!-- \/ Yoast SEO Premium plugin. -->","yoast_head_json":{"title":"Kontakt - WAS Armaturen","robots":{"index":"index","follow":"follow","max-snippet":"max-snippet:-1","max-image-preview":"max-image-preview:large","max-video-preview":"max-video-preview:-1"},"canonical":"https:\/\/www.armaturen-was.de\/de\/kontakt\/","og_locale":"de_DE","og_type":"article","og_title":"Kontakt","og_url":"https:\/\/www.armaturen-was.de\/de\/kontakt\/","og_site_name":"WAS Armaturen","article_modified_time":"2016-02-19T18:42:10+00:00","twitter_card":"summary_large_image","schema":{"@context":"https:\/\/schema.org","@graph":[{"@type":"WebPage","@id":"https:\/\/www.armaturen-was.de\/de\/kontakt\/","url":"https:\/\/www.armaturen-was.de\/de\/kontakt\/","name":"Kontakt - WAS Armaturen","isPartOf":{"@id":"https:\/\/www.armaturen-was.de\/de\/#website"},"datePublished":"2016-02-10T17:57:18+00:00","dateModified":"2016-02-19T18:42:10+00:00","breadcrumb":{"@id":"https:\/\/www.armaturen-was.de\/de\/kontakt\/#breadcrumb"},"inLanguage":"de","potentialAction":[{"@type":"ReadAction","target":["https:\/\/www.armaturen-was.de\/de\/kontakt\/"]}]},{"@type":"BreadcrumbList","@id":"https:\/\/www.armaturen-was.de\/de\/kontakt\/#breadcrumb","itemListElement":[{"@type":"ListItem","position":1,"name":"Startseite","item":"https:\/\/www.armaturen-was.de\/de\/"},{"@type":"ListItem","position":2,"name":"Kontakt"}]},{"@type":"WebSite","@id":"https:\/\/www.armaturen-was.de\/de\/#website","url":"https:\/\/www.armaturen-was.de\/de\/","name":"WAS Armaturen","description":"unser Unternehmen ist ein leistungsf\u00e4higer Lieferant rund um die Instandhaltung und den Anlagenbau.. Wir bieten fachkompetente, individuelle und kosteng\u00fcnstige Beratung, Planung und Durchf\u00fchrung.","publisher":{"@id":"https:\/\/www.armaturen-was.de\/de\/#organization"},"potentialAction":[{"@type":"SearchAction","target":{"@type":"EntryPoint","urlTemplate":"https:\/\/www.armaturen-was.de\/de\/?s={search_term_string}"},"query-input":{"@type":"PropertyValueSpecification","valueRequired":true,"valueName":"search_term_string"}}],"inLanguage":"de"},{"@type":"Organization","@id":"https:\/\/www.armaturen-was.de\/de\/#organization","name":"W.A.S. Armaturen und Sondermaschinenbau GmbH","url":"https:\/\/www.armaturen-was.de\/de\/","logo":{"@type":"ImageObject","inLanguage":"de","@id":"https:\/\/www.armaturen-was.de\/de\/#\/schema\/logo\/image\/","url":"https:\/\/www.armaturen-was.de\/de\/wp-content\/uploads\/2016\/02\/faviconvorlage-1.jpg","contentUrl":"https:\/\/www.armaturen-was.de\/de\/wp-content\/uploads\/2016\/02\/faviconvorlage-1.jpg","width":141,"height":139,"caption":"W.A.S. Armaturen und Sondermaschinenbau GmbH"},"image":{"@id":"https:\/\/www.armaturen-was.de\/de\/#\/schema\/logo\/image\/"}}]}},"_links":{"self":[{"href":"https:\/\/www.armaturen-was.de\/de\/wp-json\/wp\/v2\/pages\/17","targetHints":{"allow":["GET"]}}],"collection":[{"href":"https:\/\/www.armaturen-was.de\/de\/wp-json\/wp\/v2\/pages"}],"about":[{"href":"https:\/\/www.armaturen-was.de\/de\/wp-json\/wp\/v2\/types\/page"}],"author":[{"embeddable":true,"href":"https:\/\/www.armaturen-was.de\/de\/wp-json\/wp\/v2\/users\/1"}],"replies":[{"embeddable":true,"href":"https:\/\/www.armaturen-was.de\/de\/wp-json\/wp\/v2\/comments?post=17"}],"version-history":[{"count":4,"href":"https:\/\/www.armaturen-was.de\/de\/wp-json\/wp\/v2\/pages\/17\/revisions"}],"predecessor-version":[{"id":94,"href":"https:\/\/www.armaturen-was.de\/de\/wp-json\/wp\/v2\/pages\/17\/revisions\/94"}],"wp:attachment":[{"href":"https:\/\/www.armaturen-was.de\/de\/wp-json\/wp\/v2\/media?parent=17"}],"wp:term":[{"taxonomy":"category","embeddable":true,"href":"https:\/\/www.armaturen-was.de\/de\/wp-json\/wp\/v2\/categories?post=17"},{"taxonomy":"post_tag","embeddable":true,"href":"https:\/\/www.armaturen-was.de\/de\/wp-json\/wp\/v2\/tags?post=17"}],"curies":[{"name":"wp","href":"https:\/\/api.w.org\/{rel}","templated":true}]}}