{"id":12,"date":"2016-02-10T18:56:12","date_gmt":"2016-02-10T17:56:12","guid":{"rendered":"http:\/\/www.armaturen-was.de\/de2\/?page_id=12"},"modified":"2023-08-29T14:59:19","modified_gmt":"2023-08-29T12:59:19","slug":"home","status":"publish","type":"page","link":"https:\/\/www.armaturen-was.de\/de\/","title":{"rendered":"Home"},"content":{"rendered":"<div class=\"su-image-carousel  su-image-carousel-has-outline su-image-carousel-slides-style-minimal su-image-carousel-controls-style-light su-image-carousel-align-center\" style=\"max-width:300px\" data-flickity-options='{\"groupCells\":true,\"cellSelector\":\".su-image-carousel-item\",\"adaptiveHeight\":true,\"cellAlign\":\"left\",\"prevNextButtons\":false,\"pageDots\":false,\"autoPlay\":5000,\"imagesLoaded\":true,\"contain\":false,\"selectedAttraction\":0.025,\"friction\":0.28}' id=\"su_image_carousel_69da1cb2cd73a\"><div class=\"su-image-carousel-item\"><div class=\"su-image-carousel-item-content\"><img loading=\"lazy\" decoding=\"async\" width=\"300\" height=\"300\" src=\"https:\/\/www.armaturen-was.de\/de\/wp-content\/uploads\/2020\/11\/ventile800px-300x300.png\" class=\"\" alt=\"\" srcset=\"https:\/\/www.armaturen-was.de\/de\/wp-content\/uploads\/2020\/11\/ventile800px-300x300.png 300w, https:\/\/www.armaturen-was.de\/de\/wp-content\/uploads\/2020\/11\/ventile800px-150x150.png 150w, https:\/\/www.armaturen-was.de\/de\/wp-content\/uploads\/2020\/11\/ventile800px-768x768.png 768w, https:\/\/www.armaturen-was.de\/de\/wp-content\/uploads\/2020\/11\/ventile800px-600x600.png 600w, https:\/\/www.armaturen-was.de\/de\/wp-content\/uploads\/2020\/11\/ventile800px-160x160.png 160w, https:\/\/www.armaturen-was.de\/de\/wp-content\/uploads\/2020\/11\/ventile800px.png 800w\" sizes=\"auto, (max-width: 300px) 85vw, 300px\" \/><\/div><\/div><div class=\"su-image-carousel-item\"><div class=\"su-image-carousel-item-content\"><img loading=\"lazy\" decoding=\"async\" width=\"300\" height=\"300\" src=\"https:\/\/www.armaturen-was.de\/de\/wp-content\/uploads\/2020\/11\/uhr800px-300x300.png\" class=\"\" alt=\"\" srcset=\"https:\/\/www.armaturen-was.de\/de\/wp-content\/uploads\/2020\/11\/uhr800px-300x300.png 300w, https:\/\/www.armaturen-was.de\/de\/wp-content\/uploads\/2020\/11\/uhr800px-150x150.png 150w, https:\/\/www.armaturen-was.de\/de\/wp-content\/uploads\/2020\/11\/uhr800px-768x768.png 768w, https:\/\/www.armaturen-was.de\/de\/wp-content\/uploads\/2020\/11\/uhr800px-600x600.png 600w, https:\/\/www.armaturen-was.de\/de\/wp-content\/uploads\/2020\/11\/uhr800px-160x160.png 160w, https:\/\/www.armaturen-was.de\/de\/wp-content\/uploads\/2020\/11\/uhr800px.png 800w\" sizes=\"auto, (max-width: 300px) 85vw, 300px\" \/><\/div><\/div><div class=\"su-image-carousel-item\"><div class=\"su-image-carousel-item-content\"><img loading=\"lazy\" decoding=\"async\" width=\"300\" height=\"300\" src=\"https:\/\/www.armaturen-was.de\/de\/wp-content\/uploads\/2020\/10\/schieber800px-300x300.png\" class=\"\" alt=\"\" srcset=\"https:\/\/www.armaturen-was.de\/de\/wp-content\/uploads\/2020\/10\/schieber800px-300x300.png 300w, https:\/\/www.armaturen-was.de\/de\/wp-content\/uploads\/2020\/10\/schieber800px-150x150.png 150w, https:\/\/www.armaturen-was.de\/de\/wp-content\/uploads\/2020\/10\/schieber800px-768x768.png 768w, https:\/\/www.armaturen-was.de\/de\/wp-content\/uploads\/2020\/10\/schieber800px-600x600.png 600w, https:\/\/www.armaturen-was.de\/de\/wp-content\/uploads\/2020\/10\/schieber800px-160x160.png 160w, https:\/\/www.armaturen-was.de\/de\/wp-content\/uploads\/2020\/10\/schieber800px.png 800w\" sizes=\"auto, (max-width: 300px) 85vw, 300px\" \/><\/div><\/div><div class=\"su-image-carousel-item\"><div class=\"su-image-carousel-item-content\"><img loading=\"lazy\" decoding=\"async\" width=\"300\" height=\"300\" src=\"https:\/\/www.armaturen-was.de\/de\/wp-content\/uploads\/2020\/11\/schlaeuche800px-300x300.png\" class=\"\" alt=\"\" srcset=\"https:\/\/www.armaturen-was.de\/de\/wp-content\/uploads\/2020\/11\/schlaeuche800px-300x300.png 300w, https:\/\/www.armaturen-was.de\/de\/wp-content\/uploads\/2020\/11\/schlaeuche800px-150x150.png 150w, https:\/\/www.armaturen-was.de\/de\/wp-content\/uploads\/2020\/11\/schlaeuche800px-768x768.png 768w, https:\/\/www.armaturen-was.de\/de\/wp-content\/uploads\/2020\/11\/schlaeuche800px-600x600.png 600w, https:\/\/www.armaturen-was.de\/de\/wp-content\/uploads\/2020\/11\/schlaeuche800px-160x160.png 160w, https:\/\/www.armaturen-was.de\/de\/wp-content\/uploads\/2020\/11\/schlaeuche800px.png 800w\" sizes=\"auto, (max-width: 300px) 85vw, 300px\" \/><\/div><\/div><\/div><script id=\"su_image_carousel_69da1cb2cd73a_script\">if(window.SUImageCarousel){setTimeout(function() {window.SUImageCarousel.initGallery(document.getElementById(\"su_image_carousel_69da1cb2cd73a\"))}, 0);}var su_image_carousel_69da1cb2cd73a_script=document.getElementById(\"su_image_carousel_69da1cb2cd73a_script\");if(su_image_carousel_69da1cb2cd73a_script){su_image_carousel_69da1cb2cd73a_script.parentNode.removeChild(su_image_carousel_69da1cb2cd73a_script);}<\/script>\n\n\n\n<h2 class=\"wp-block-heading\" id=\"h-willkommen-bei-w-a-s\">Willkommen bei W.A.S<\/h2>\n\n\n\n<p><\/p>\n\n\n\n<h3 class=\"wp-block-heading\"><strong>Armaturen Lieferprogramm:<\/strong><\/h3>\n\n\n\n<p>Absperrschieber &#8211; Absperrh\u00e4hne &#8211; Kugelh\u00e4hne &#8211; Absperrklappen &#8211; Sicherheitsventile &#8211; Schieber &#8211; Quetschventile &#8211; R\u00fcckschlagventile &#8211; Regelventile &#8211; Kondensatableiter &#8211; Magnetventile &#8211; Rohrverbindungsteile &#8211; Pumpen &#8211; Milchrohrverschraubungen und Zubeh\u00f6r &#8211; Schaugl\u00e4ser &#8211; Druck- und Temperaturme\u00dftechnik &#8211; Dosiertechnik &#8211; Volumenz\u00e4hler &#8211; Filter &#8211; Steckanschl\u00fcsse &#8211; Schl\u00e4uche &#8211; Pneumatikzylinder und Zubeh\u00f6r &#8211; Druckminderer &#8211; Gewindefittings &#8211; Industrie-Sto\u00dfd\u00e4mpfer &#8211; Vakuumtechnik &#8211; Drehdurchf\u00fchrungen &#8211; und vieles mehr<\/p>\n\n\n\n<h3 class=\"wp-block-heading\" id=\"h-unterst-tzung-ihrer-projekte\">Unterst\u00fctzung ihrer Projekte<\/h3>\n\n\n\n<p><strong>Konzeption, Aufbau und Optimierung von Instandhaltungssystemen und deren Infrastruktur sowie des Energiemanagements<\/strong><\/p>\n\n\n\n<ul class=\"wp-block-list\">\n<li>Implementierung von Instandhaltungssystemen mit modernsten Technologien<\/li>\n\n\n\n<li>Optimierung und Gestaltung von Instandhaltungssystemen und des Instandhaltungsmanagements<\/li>\n\n\n\n<li>Aufbau eines Maintenance Control Systems<\/li>\n\n\n\n<li>Definition der Instandhaltungsstrategien (ausfallgesteuert, pr\u00e4ventivgesteuert, zustandsbasiert)<\/li>\n\n\n\n<li>Technologieberatung sowie Interim Management in der operativen industriellen Instandhaltung<\/li>\n\n\n\n<li>Coaching und Unterweisung\/Anleitung des Instandhaltungspersonals und des Managements<\/li>\n\n\n\n<li>Erstellung von Arbeits-, Pr\u00fcf- und Messanweisungen sowie Verfahrensanweisungen und deren Begleitung<\/li>\n\n\n\n<li>Zeichnungs- und Dokumentenmanagement<\/li>\n\n\n\n<li>Unterst\u00fctzung der Fertigung bei allen technischen Problemen (z.B. Fehlersuche und St\u00f6rungsbehebung, Bewertung von Verschlei\u00df- und Unfallsch\u00e4den, Wiederherstellung des Soll-Zustandes)<\/li>\n\n\n\n<li>Instandhaltungsdienstleistungen im Geltungsbereich DIN 31051 (Wartung, Inspektion, Instandsetzung, Verbesserung)<\/li>\n\n\n\n<li>Unterst\u00fctzung beim Aufbau von Energiemanagementsystemen nach DIN EN ISO 50001<\/li>\n<\/ul>\n\n\n\n<p><strong>Unterst\u00fctzung bei Projektbedarf zu Ausschreibungen, Infrastrukturanpassungen an neue Produkte, Kapazit\u00e4tserweiterungen und Modernisierungen<\/strong><\/p>\n\n\n\n<ul class=\"wp-block-list\">\n<li>Durchf\u00fchrung technischer Projekte f\u00fcr Produktionsanlagen und technischer Geb\u00e4udeausstattung<\/li>\n\n\n\n<li>Projekte im Industrial Engineering (Erstellen von Variantenuntersuchungen, Machbarkeitsstudien und Kostensch\u00e4tzungen f\u00fcr Projekte im industriellen Umfeld, Analyse und Optimierung von Produktionstechniken und -verfahren, Erstellung von Wirtschaftlichkeitsrechnungen, Erstellen anwenderspezifischer Lastenhefte<\/li>\n\n\n\n<li>Technischer Support im Beschaffungsprozess und bei Installationsarbeiten sowie bei Ab- und Inbetriebnahme technischer Anlagen<\/li>\n\n\n\n<li>Erarbeitung von Neubau-, Umbau-, Anpassungs- und R\u00fcckbaukonzepten sowie deren Ausf\u00fchrung und Umsetzungsbegleitung. Unterst\u00fctzung bei Entsorgungs- und Sanierungsprojekten<\/li>\n\n\n\n<li>Auf- und Einbau von Maschinen und Anlagentechnik<\/li>\n\n\n\n<li>Beratung und Support bei der Erstellung von Werksplanungs- und Entwicklungskonzepten<\/li>\n\n\n\n<li>Optimierung der Schnittstellen zwischen Fertigung, Werkstatt und Infrastruktur sowie den administrativen Bereichen<\/li>\n\n\n\n<li>Unterst\u00fctzung bei der Erarbeitung von Logistikkonzepten und Lagerplanung<\/li>\n\n\n\n<li>Internationale Projekt- und Baubetreuung<\/li>\n<\/ul>\n\n\n\n<p><strong>Gerne erstellen wir Ihnen ein Angebot<\/strong><\/p>\n","protected":false},"excerpt":{"rendered":"<p>Willkommen bei W.A.S Armaturen Lieferprogramm: Absperrschieber &#8211; Absperrh\u00e4hne &#8211; Kugelh\u00e4hne &#8211; Absperrklappen &#8211; Sicherheitsventile &#8211; Schieber &#8211; Quetschventile &#8211; R\u00fcckschlagventile &#8211; Regelventile &#8211; Kondensatableiter &#8211; Magnetventile &#8211; Rohrverbindungsteile &#8211; Pumpen &#8211; Milchrohrverschraubungen und Zubeh\u00f6r &#8211; Schaugl\u00e4ser &#8211; Druck- und Temperaturme\u00dftechnik &#8211; Dosiertechnik &#8211; Volumenz\u00e4hler &#8211; Filter &#8211; Steckanschl\u00fcsse &#8211; Schl\u00e4uche &#8211; Pneumatikzylinder und Zubeh\u00f6r &#8211; &hellip; <a href=\"https:\/\/www.armaturen-was.de\/de\/\" class=\"more-link\"><span class=\"screen-reader-text\">\u201eHome\u201c<\/span> weiterlesen<\/a><\/p>\n","protected":false},"author":1,"featured_media":0,"parent":0,"menu_order":0,"comment_status":"closed","ping_status":"closed","template":"","meta":{"footnotes":""},"categories":[],"tags":[],"class_list":["post-12","page","type-page","status-publish","hentry"],"yoast_head":"<!-- This site is optimized with the Yoast SEO Premium plugin v17.4 (Yoast SEO v27.3) - https:\/\/yoast.com\/product\/yoast-seo-premium-wordpress\/ -->\n<title>Home - WAS Armaturen<\/title>\n<meta name=\"description\" content=\"Unser Unternehmen ist ein leistungsf\u00e4higer Lieferant rund um die Instandhaltung und den Anlagenbau. Wir bieten fachkompetente, individuelle und kosteng\u00fcnstige Beratung, Planung, Durchf\u00fchrung und Industrie Armaturen Handel\" \/>\n<meta name=\"robots\" content=\"index, follow, max-snippet:-1, max-image-preview:large, max-video-preview:-1\" \/>\n<link rel=\"canonical\" href=\"https:\/\/www.armaturen-was.de\/de\/\" \/>\n<meta property=\"og:locale\" content=\"de_DE\" \/>\n<meta property=\"og:type\" content=\"article\" \/>\n<meta property=\"og:title\" content=\"Home\" \/>\n<meta property=\"og:description\" content=\"Unser Unternehmen ist ein leistungsf\u00e4higer Lieferant rund um die Instandhaltung und den Anlagenbau. Wir bieten fachkompetente, individuelle und kosteng\u00fcnstige Beratung, Planung, Durchf\u00fchrung und Industrie Armaturen Handel\" \/>\n<meta property=\"og:url\" content=\"https:\/\/www.armaturen-was.de\/de\/\" \/>\n<meta property=\"og:site_name\" content=\"WAS Armaturen\" \/>\n<meta property=\"article:modified_time\" content=\"2023-08-29T12:59:19+00:00\" \/>\n<meta name=\"twitter:card\" content=\"summary_large_image\" \/>\n<meta name=\"twitter:label1\" content=\"Gesch\u00e4tzte Lesezeit\" \/>\n\t<meta name=\"twitter:data1\" content=\"2\u00a0Minuten\" \/>\n<script type=\"application\/ld+json\" class=\"yoast-schema-graph\">{\"@context\":\"https:\\\/\\\/schema.org\",\"@graph\":[{\"@type\":\"WebPage\",\"@id\":\"https:\\\/\\\/www.armaturen-was.de\\\/de\\\/\",\"url\":\"https:\\\/\\\/www.armaturen-was.de\\\/de\\\/\",\"name\":\"Home - WAS Armaturen\",\"isPartOf\":{\"@id\":\"https:\\\/\\\/www.armaturen-was.de\\\/de\\\/#website\"},\"datePublished\":\"2016-02-10T17:56:12+00:00\",\"dateModified\":\"2023-08-29T12:59:19+00:00\",\"description\":\"Unser Unternehmen ist ein leistungsf\u00e4higer Lieferant rund um die Instandhaltung und den Anlagenbau. Wir bieten fachkompetente, individuelle und kosteng\u00fcnstige Beratung, Planung, Durchf\u00fchrung und Industrie Armaturen Handel\",\"breadcrumb\":{\"@id\":\"https:\\\/\\\/www.armaturen-was.de\\\/de\\\/#breadcrumb\"},\"inLanguage\":\"de\",\"potentialAction\":[{\"@type\":\"ReadAction\",\"target\":[\"https:\\\/\\\/www.armaturen-was.de\\\/de\\\/\"]}]},{\"@type\":\"BreadcrumbList\",\"@id\":\"https:\\\/\\\/www.armaturen-was.de\\\/de\\\/#breadcrumb\",\"itemListElement\":[{\"@type\":\"ListItem\",\"position\":1,\"name\":\"Startseite\",\"item\":\"https:\\\/\\\/www.armaturen-was.de\\\/de\\\/\"},{\"@type\":\"ListItem\",\"position\":2,\"name\":\"Home\"}]},{\"@type\":\"WebSite\",\"@id\":\"https:\\\/\\\/www.armaturen-was.de\\\/de\\\/#website\",\"url\":\"https:\\\/\\\/www.armaturen-was.de\\\/de\\\/\",\"name\":\"WAS Armaturen\",\"description\":\"unser Unternehmen ist ein leistungsf\u00e4higer Lieferant rund um die Instandhaltung und den Anlagenbau.. Wir bieten fachkompetente, individuelle und kosteng\u00fcnstige Beratung, Planung und Durchf\u00fchrung.\",\"publisher\":{\"@id\":\"https:\\\/\\\/www.armaturen-was.de\\\/de\\\/#organization\"},\"potentialAction\":[{\"@type\":\"SearchAction\",\"target\":{\"@type\":\"EntryPoint\",\"urlTemplate\":\"https:\\\/\\\/www.armaturen-was.de\\\/de\\\/?s={search_term_string}\"},\"query-input\":{\"@type\":\"PropertyValueSpecification\",\"valueRequired\":true,\"valueName\":\"search_term_string\"}}],\"inLanguage\":\"de\"},{\"@type\":\"Organization\",\"@id\":\"https:\\\/\\\/www.armaturen-was.de\\\/de\\\/#organization\",\"name\":\"W.A.S. Armaturen und Sondermaschinenbau GmbH\",\"url\":\"https:\\\/\\\/www.armaturen-was.de\\\/de\\\/\",\"logo\":{\"@type\":\"ImageObject\",\"inLanguage\":\"de\",\"@id\":\"https:\\\/\\\/www.armaturen-was.de\\\/de\\\/#\\\/schema\\\/logo\\\/image\\\/\",\"url\":\"https:\\\/\\\/www.armaturen-was.de\\\/de\\\/wp-content\\\/uploads\\\/2016\\\/02\\\/faviconvorlage-1.jpg\",\"contentUrl\":\"https:\\\/\\\/www.armaturen-was.de\\\/de\\\/wp-content\\\/uploads\\\/2016\\\/02\\\/faviconvorlage-1.jpg\",\"width\":141,\"height\":139,\"caption\":\"W.A.S. Armaturen und Sondermaschinenbau GmbH\"},\"image\":{\"@id\":\"https:\\\/\\\/www.armaturen-was.de\\\/de\\\/#\\\/schema\\\/logo\\\/image\\\/\"}}]}<\/script>\n<!-- \/ Yoast SEO Premium plugin. -->","yoast_head_json":{"title":"Home - WAS Armaturen","description":"Unser Unternehmen ist ein leistungsf\u00e4higer Lieferant rund um die Instandhaltung und den Anlagenbau. Wir bieten fachkompetente, individuelle und kosteng\u00fcnstige Beratung, Planung, Durchf\u00fchrung und Industrie Armaturen Handel","robots":{"index":"index","follow":"follow","max-snippet":"max-snippet:-1","max-image-preview":"max-image-preview:large","max-video-preview":"max-video-preview:-1"},"canonical":"https:\/\/www.armaturen-was.de\/de\/","og_locale":"de_DE","og_type":"article","og_title":"Home","og_description":"Unser Unternehmen ist ein leistungsf\u00e4higer Lieferant rund um die Instandhaltung und den Anlagenbau. Wir bieten fachkompetente, individuelle und kosteng\u00fcnstige Beratung, Planung, Durchf\u00fchrung und Industrie Armaturen Handel","og_url":"https:\/\/www.armaturen-was.de\/de\/","og_site_name":"WAS Armaturen","article_modified_time":"2023-08-29T12:59:19+00:00","twitter_card":"summary_large_image","twitter_misc":{"Gesch\u00e4tzte Lesezeit":"2\u00a0Minuten"},"schema":{"@context":"https:\/\/schema.org","@graph":[{"@type":"WebPage","@id":"https:\/\/www.armaturen-was.de\/de\/","url":"https:\/\/www.armaturen-was.de\/de\/","name":"Home - WAS Armaturen","isPartOf":{"@id":"https:\/\/www.armaturen-was.de\/de\/#website"},"datePublished":"2016-02-10T17:56:12+00:00","dateModified":"2023-08-29T12:59:19+00:00","description":"Unser Unternehmen ist ein leistungsf\u00e4higer Lieferant rund um die Instandhaltung und den Anlagenbau. Wir bieten fachkompetente, individuelle und kosteng\u00fcnstige Beratung, Planung, Durchf\u00fchrung und Industrie Armaturen Handel","breadcrumb":{"@id":"https:\/\/www.armaturen-was.de\/de\/#breadcrumb"},"inLanguage":"de","potentialAction":[{"@type":"ReadAction","target":["https:\/\/www.armaturen-was.de\/de\/"]}]},{"@type":"BreadcrumbList","@id":"https:\/\/www.armaturen-was.de\/de\/#breadcrumb","itemListElement":[{"@type":"ListItem","position":1,"name":"Startseite","item":"https:\/\/www.armaturen-was.de\/de\/"},{"@type":"ListItem","position":2,"name":"Home"}]},{"@type":"WebSite","@id":"https:\/\/www.armaturen-was.de\/de\/#website","url":"https:\/\/www.armaturen-was.de\/de\/","name":"WAS Armaturen","description":"unser Unternehmen ist ein leistungsf\u00e4higer Lieferant rund um die Instandhaltung und den Anlagenbau.. Wir bieten fachkompetente, individuelle und kosteng\u00fcnstige Beratung, Planung und Durchf\u00fchrung.","publisher":{"@id":"https:\/\/www.armaturen-was.de\/de\/#organization"},"potentialAction":[{"@type":"SearchAction","target":{"@type":"EntryPoint","urlTemplate":"https:\/\/www.armaturen-was.de\/de\/?s={search_term_string}"},"query-input":{"@type":"PropertyValueSpecification","valueRequired":true,"valueName":"search_term_string"}}],"inLanguage":"de"},{"@type":"Organization","@id":"https:\/\/www.armaturen-was.de\/de\/#organization","name":"W.A.S. Armaturen und Sondermaschinenbau GmbH","url":"https:\/\/www.armaturen-was.de\/de\/","logo":{"@type":"ImageObject","inLanguage":"de","@id":"https:\/\/www.armaturen-was.de\/de\/#\/schema\/logo\/image\/","url":"https:\/\/www.armaturen-was.de\/de\/wp-content\/uploads\/2016\/02\/faviconvorlage-1.jpg","contentUrl":"https:\/\/www.armaturen-was.de\/de\/wp-content\/uploads\/2016\/02\/faviconvorlage-1.jpg","width":141,"height":139,"caption":"W.A.S. Armaturen und Sondermaschinenbau GmbH"},"image":{"@id":"https:\/\/www.armaturen-was.de\/de\/#\/schema\/logo\/image\/"}}]}},"_links":{"self":[{"href":"https:\/\/www.armaturen-was.de\/de\/wp-json\/wp\/v2\/pages\/12","targetHints":{"allow":["GET"]}}],"collection":[{"href":"https:\/\/www.armaturen-was.de\/de\/wp-json\/wp\/v2\/pages"}],"about":[{"href":"https:\/\/www.armaturen-was.de\/de\/wp-json\/wp\/v2\/types\/page"}],"author":[{"embeddable":true,"href":"https:\/\/www.armaturen-was.de\/de\/wp-json\/wp\/v2\/users\/1"}],"replies":[{"embeddable":true,"href":"https:\/\/www.armaturen-was.de\/de\/wp-json\/wp\/v2\/comments?post=12"}],"version-history":[{"count":39,"href":"https:\/\/www.armaturen-was.de\/de\/wp-json\/wp\/v2\/pages\/12\/revisions"}],"predecessor-version":[{"id":998,"href":"https:\/\/www.armaturen-was.de\/de\/wp-json\/wp\/v2\/pages\/12\/revisions\/998"}],"wp:attachment":[{"href":"https:\/\/www.armaturen-was.de\/de\/wp-json\/wp\/v2\/media?parent=12"}],"wp:term":[{"taxonomy":"category","embeddable":true,"href":"https:\/\/www.armaturen-was.de\/de\/wp-json\/wp\/v2\/categories?post=12"},{"taxonomy":"post_tag","embeddable":true,"href":"https:\/\/www.armaturen-was.de\/de\/wp-json\/wp\/v2\/tags?post=12"}],"curies":[{"name":"wp","href":"https:\/\/api.w.org\/{rel}","templated":true}]}}